{"id":312,"date":"2023-02-27T19:09:26","date_gmt":"2023-02-27T18:09:26","guid":{"rendered":"http:\/\/canide-forts25.fr\/?page_id=312"},"modified":"2023-04-07T21:42:25","modified_gmt":"2023-04-07T19:42:25","slug":"reserve-adherents","status":"publish","type":"page","link":"http:\/\/canide-forts25.fr\/?page_id=312","title":{"rendered":"R\u00e9serv\u00e9 adh\u00e9rents"},"content":{"rendered":"","protected":true},"excerpt":{"rendered":"","protected":true},"author":1,"featured_media":0,"parent":0,"menu_order":0,"comment_status":"closed","ping_status":"closed","template":"","meta":{"footnotes":""},"class_list":["post-312","page","type-page","status-publish","post-password-required","hentry","post-preview"],"yoast_head":"<!-- This site is optimized with the Yoast SEO plugin v27.5 - https:\/\/yoast.com\/product\/yoast-seo-wordpress\/ -->\n<title>R\u00e9serv\u00e9 adh\u00e9rents - Canid\u00e9&#039;forts25<\/title>\n<meta name=\"robots\" content=\"index, follow, max-snippet:-1, max-image-preview:large, max-video-preview:-1\" \/>\n<link rel=\"canonical\" href=\"https:\/\/canide-forts25.fr\/?page_id=312\" \/>\n<meta property=\"og:locale\" content=\"fr_FR\" \/>\n<meta property=\"og:type\" content=\"article\" \/>\n<meta property=\"og:title\" content=\"R\u00e9serv\u00e9 adh\u00e9rents - Canid\u00e9&#039;forts25\" \/>\n<meta property=\"og:description\" content=\"Il n\u2019y a pas d\u2019extrait, car cette publication est prot\u00e9g\u00e9e.\" \/>\n<meta property=\"og:url\" content=\"https:\/\/canide-forts25.fr\/?page_id=312\" \/>\n<meta property=\"og:site_name\" content=\"Canid\u00e9&#039;forts25\" \/>\n<meta property=\"article:publisher\" content=\"https:\/\/www.facebook.com\/canideforts25\" \/>\n<meta property=\"article:modified_time\" content=\"2023-04-07T19:42:25+00:00\" \/>\n<meta name=\"twitter:card\" content=\"summary_large_image\" \/>\n<meta name=\"twitter:label1\" content=\"Dur\u00e9e de lecture estim\u00e9e\" \/>\n\t<meta name=\"twitter:data1\" content=\"3 minutes\" \/>\n<script type=\"application\/ld+json\" class=\"yoast-schema-graph\">{\"@context\":\"https:\\\/\\\/schema.org\",\"@graph\":[{\"@type\":\"WebPage\",\"@id\":\"https:\\\/\\\/canide-forts25.fr\\\/?page_id=312\",\"url\":\"https:\\\/\\\/canide-forts25.fr\\\/?page_id=312\",\"name\":\"R\u00e9serv\u00e9 adh\u00e9rents - Canid\u00e9&#039;forts25\",\"isPartOf\":{\"@id\":\"https:\\\/\\\/canide-forts25.fr\\\/#website\"},\"datePublished\":\"2023-02-27T18:09:26+00:00\",\"dateModified\":\"2023-04-07T19:42:25+00:00\",\"breadcrumb\":{\"@id\":\"https:\\\/\\\/canide-forts25.fr\\\/?page_id=312#breadcrumb\"},\"inLanguage\":\"fr-FR\"},{\"@type\":\"WebSite\",\"@id\":\"https:\\\/\\\/canide-forts25.fr\\\/#website\",\"url\":\"https:\\\/\\\/canide-forts25.fr\\\/\",\"name\":\"Canid\u00e9&#039;forts25\",\"description\":\"Club de cannicross dans le d\u00e9partement du Doubs(25)\",\"publisher\":{\"@id\":\"https:\\\/\\\/canide-forts25.fr\\\/#organization\"},\"potentialAction\":[{\"@type\":\"SearchAction\",\"target\":{\"@type\":\"EntryPoint\",\"urlTemplate\":\"https:\\\/\\\/canide-forts25.fr\\\/?s={search_term_string}\"},\"query-input\":{\"@type\":\"PropertyValueSpecification\",\"valueRequired\":true,\"valueName\":\"search_term_string\"}}],\"inLanguage\":\"fr-FR\"},{\"@type\":\"Organization\",\"@id\":\"https:\\\/\\\/canide-forts25.fr\\\/#organization\",\"name\":\"Canid\u00e9'forts25\",\"url\":\"https:\\\/\\\/canide-forts25.fr\\\/\",\"logo\":{\"@type\":\"ImageObject\",\"inLanguage\":\"fr-FR\",\"@id\":\"https:\\\/\\\/canide-forts25.fr\\\/#\\\/schema\\\/logo\\\/image\\\/\",\"url\":\"http:\\\/\\\/canide-forts25.fr\\\/wp-content\\\/uploads\\\/2022\\\/12\\\/cropped-cropped-Sans-titre-11.png\",\"contentUrl\":\"http:\\\/\\\/canide-forts25.fr\\\/wp-content\\\/uploads\\\/2022\\\/12\\\/cropped-cropped-Sans-titre-11.png\",\"width\":991,\"height\":1401,\"caption\":\"Canid\u00e9'forts25\"},\"image\":{\"@id\":\"https:\\\/\\\/canide-forts25.fr\\\/#\\\/schema\\\/logo\\\/image\\\/\"},\"sameAs\":[\"https:\\\/\\\/www.facebook.com\\\/canideforts25\"]}]}<\/script>\n<!-- \/ Yoast SEO plugin. -->","yoast_head_json":{"title":"R\u00e9serv\u00e9 adh\u00e9rents - Canid\u00e9&#039;forts25","robots":{"index":"index","follow":"follow","max-snippet":"max-snippet:-1","max-image-preview":"max-image-preview:large","max-video-preview":"max-video-preview:-1"},"canonical":"https:\/\/canide-forts25.fr\/?page_id=312","og_locale":"fr_FR","og_type":"article","og_title":"R\u00e9serv\u00e9 adh\u00e9rents - Canid\u00e9&#039;forts25","og_description":"Il n\u2019y a pas d\u2019extrait, car cette publication est prot\u00e9g\u00e9e.","og_url":"https:\/\/canide-forts25.fr\/?page_id=312","og_site_name":"Canid\u00e9&#039;forts25","article_publisher":"https:\/\/www.facebook.com\/canideforts25","article_modified_time":"2023-04-07T19:42:25+00:00","twitter_card":"summary_large_image","twitter_misc":{"Dur\u00e9e de lecture estim\u00e9e":"3 minutes"},"schema":{"@context":"https:\/\/schema.org","@graph":[{"@type":"WebPage","@id":"https:\/\/canide-forts25.fr\/?page_id=312","url":"https:\/\/canide-forts25.fr\/?page_id=312","name":"R\u00e9serv\u00e9 adh\u00e9rents - Canid\u00e9&#039;forts25","isPartOf":{"@id":"https:\/\/canide-forts25.fr\/#website"},"datePublished":"2023-02-27T18:09:26+00:00","dateModified":"2023-04-07T19:42:25+00:00","breadcrumb":{"@id":"https:\/\/canide-forts25.fr\/?page_id=312#breadcrumb"},"inLanguage":"fr-FR"},{"@type":"WebSite","@id":"https:\/\/canide-forts25.fr\/#website","url":"https:\/\/canide-forts25.fr\/","name":"Canid\u00e9&#039;forts25","description":"Club de cannicross dans le d\u00e9partement du Doubs(25)","publisher":{"@id":"https:\/\/canide-forts25.fr\/#organization"},"potentialAction":[{"@type":"SearchAction","target":{"@type":"EntryPoint","urlTemplate":"https:\/\/canide-forts25.fr\/?s={search_term_string}"},"query-input":{"@type":"PropertyValueSpecification","valueRequired":true,"valueName":"search_term_string"}}],"inLanguage":"fr-FR"},{"@type":"Organization","@id":"https:\/\/canide-forts25.fr\/#organization","name":"Canid\u00e9'forts25","url":"https:\/\/canide-forts25.fr\/","logo":{"@type":"ImageObject","inLanguage":"fr-FR","@id":"https:\/\/canide-forts25.fr\/#\/schema\/logo\/image\/","url":"http:\/\/canide-forts25.fr\/wp-content\/uploads\/2022\/12\/cropped-cropped-Sans-titre-11.png","contentUrl":"http:\/\/canide-forts25.fr\/wp-content\/uploads\/2022\/12\/cropped-cropped-Sans-titre-11.png","width":991,"height":1401,"caption":"Canid\u00e9'forts25"},"image":{"@id":"https:\/\/canide-forts25.fr\/#\/schema\/logo\/image\/"},"sameAs":["https:\/\/www.facebook.com\/canideforts25"]}]}},"_links":{"self":[{"href":"http:\/\/canide-forts25.fr\/index.php?rest_route=\/wp\/v2\/pages\/312","targetHints":{"allow":["GET"]}}],"collection":[{"href":"http:\/\/canide-forts25.fr\/index.php?rest_route=\/wp\/v2\/pages"}],"about":[{"href":"http:\/\/canide-forts25.fr\/index.php?rest_route=\/wp\/v2\/types\/page"}],"author":[{"embeddable":true,"href":"http:\/\/canide-forts25.fr\/index.php?rest_route=\/wp\/v2\/users\/1"}],"replies":[{"embeddable":true,"href":"http:\/\/canide-forts25.fr\/index.php?rest_route=%2Fwp%2Fv2%2Fcomments&post=312"}],"version-history":[{"count":37,"href":"http:\/\/canide-forts25.fr\/index.php?rest_route=\/wp\/v2\/pages\/312\/revisions"}],"predecessor-version":[{"id":378,"href":"http:\/\/canide-forts25.fr\/index.php?rest_route=\/wp\/v2\/pages\/312\/revisions\/378"}],"wp:attachment":[{"href":"http:\/\/canide-forts25.fr\/index.php?rest_route=%2Fwp%2Fv2%2Fmedia&parent=312"}],"curies":[{"name":"wp","href":"https:\/\/api.w.org\/{rel}","templated":true}]}}