{"id":64,"date":"2022-12-11T18:27:25","date_gmt":"2022-12-11T17:27:25","guid":{"rendered":"http:\/\/canide-forts25.fr\/?page_id=64"},"modified":"2023-02-22T17:15:08","modified_gmt":"2023-02-22T16:15:08","slug":"documents","status":"publish","type":"page","link":"http:\/\/canide-forts25.fr\/?page_id=64","title":{"rendered":"Documents"},"content":{"rendered":"\n<p>Vous trouverez ci-dessous le r\u00e8glement int\u00e9rieur du club ainsi que le statut :<\/p>\n\n\n<a href=\"http:\/\/canide-forts25.fr\/wp-content\/uploads\/2022\/12\/reglement-interieur-Canideforts25.pdf\" class=\"pdfemb-viewer\" style=\"\" data-width=\"max\" data-height=\"max\"  data-toolbar=\"bottom\" data-toolbar-fixed=\"off\">reglement-interieur-Canideforts25<br\/><\/a>\n<p class=\"wp-block-pdfemb-pdf-embedder-viewer\"><\/p>\n\n\n<a href=\"http:\/\/canide-forts25.fr\/wp-content\/uploads\/2022\/12\/statuts-du-Canidefort25.pdf\" class=\"pdfemb-viewer\" style=\"\" data-width=\"max\" data-height=\"max\"  data-toolbar=\"bottom\" data-toolbar-fixed=\"off\">statuts-du-Canidefort25<br\/><\/a>\n<p class=\"wp-block-pdfemb-pdf-embedder-viewer\"><\/p>\n","protected":false},"excerpt":{"rendered":"<p>Vous trouverez ci-dessous le r\u00e8glement int\u00e9rieur du club ainsi que le statut :<\/p>\n","protected":false},"author":1,"featured_media":0,"parent":0,"menu_order":0,"comment_status":"closed","ping_status":"closed","template":"","meta":{"footnotes":""},"class_list":["post-64","page","type-page","status-publish","hentry","post-preview"],"yoast_head":"<!-- This site is optimized with the Yoast SEO plugin v27.5 - https:\/\/yoast.com\/product\/yoast-seo-wordpress\/ -->\n<title>Documents - Canid\u00e9&#039;forts25<\/title>\n<meta name=\"description\" content=\"vous trouverez ci-dessous le r\u00e8glement int\u00e9rieur du club ainsi que le statut du club Canid\u00e9&#039;forts25 affili\u00e9 \u00e0 la FSLC\" \/>\n<meta name=\"robots\" content=\"index, follow, max-snippet:-1, max-image-preview:large, max-video-preview:-1\" \/>\n<link rel=\"canonical\" href=\"https:\/\/canide-forts25.fr\/?page_id=64\" \/>\n<meta property=\"og:locale\" content=\"fr_FR\" \/>\n<meta property=\"og:type\" content=\"article\" \/>\n<meta property=\"og:title\" content=\"Documents - Canid\u00e9&#039;forts25\" \/>\n<meta property=\"og:description\" content=\"vous trouverez ci-dessous le r\u00e8glement int\u00e9rieur du club ainsi que le statut du club Canid\u00e9&#039;forts25 affili\u00e9 \u00e0 la FSLC\" \/>\n<meta property=\"og:url\" content=\"https:\/\/canide-forts25.fr\/?page_id=64\" \/>\n<meta property=\"og:site_name\" content=\"Canid\u00e9&#039;forts25\" \/>\n<meta property=\"article:publisher\" content=\"https:\/\/www.facebook.com\/canideforts25\" \/>\n<meta property=\"article:modified_time\" content=\"2023-02-22T16:15:08+00:00\" \/>\n<meta property=\"og:image\" content=\"http:\/\/canide-forts25.fr\/wp-content\/uploads\/2022\/12\/CANIDE25_noir.jpg\" \/>\n\t<meta property=\"og:image:width\" content=\"2455\" \/>\n\t<meta property=\"og:image:height\" content=\"2454\" \/>\n\t<meta property=\"og:image:type\" content=\"image\/jpeg\" \/>\n<meta name=\"twitter:card\" content=\"summary_large_image\" \/>\n<meta name=\"twitter:label1\" content=\"Dur\u00e9e de lecture estim\u00e9e\" \/>\n\t<meta name=\"twitter:data1\" content=\"1 minute\" \/>\n<script type=\"application\/ld+json\" class=\"yoast-schema-graph\">{\"@context\":\"https:\\\/\\\/schema.org\",\"@graph\":[{\"@type\":\"WebPage\",\"@id\":\"https:\\\/\\\/canide-forts25.fr\\\/?page_id=64\",\"url\":\"https:\\\/\\\/canide-forts25.fr\\\/?page_id=64\",\"name\":\"Documents - Canid\u00e9&#039;forts25\",\"isPartOf\":{\"@id\":\"https:\\\/\\\/canide-forts25.fr\\\/#website\"},\"datePublished\":\"2022-12-11T17:27:25+00:00\",\"dateModified\":\"2023-02-22T16:15:08+00:00\",\"description\":\"vous trouverez ci-dessous le r\u00e8glement int\u00e9rieur du club ainsi que le statut du club Canid\u00e9'forts25 affili\u00e9 \u00e0 la FSLC\",\"breadcrumb\":{\"@id\":\"https:\\\/\\\/canide-forts25.fr\\\/?page_id=64#breadcrumb\"},\"inLanguage\":\"fr-FR\",\"potentialAction\":[{\"@type\":\"ReadAction\",\"target\":[\"https:\\\/\\\/canide-forts25.fr\\\/?page_id=64\"]}]},{\"@type\":\"BreadcrumbList\",\"@id\":\"https:\\\/\\\/canide-forts25.fr\\\/?page_id=64#breadcrumb\",\"itemListElement\":[{\"@type\":\"ListItem\",\"position\":1,\"name\":\"Accueil\",\"item\":\"https:\\\/\\\/canide-forts25.fr\\\/\"},{\"@type\":\"ListItem\",\"position\":2,\"name\":\"Documents\"}]},{\"@type\":\"WebSite\",\"@id\":\"https:\\\/\\\/canide-forts25.fr\\\/#website\",\"url\":\"https:\\\/\\\/canide-forts25.fr\\\/\",\"name\":\"Canid\u00e9&#039;forts25\",\"description\":\"Club de cannicross dans le d\u00e9partement du Doubs(25)\",\"publisher\":{\"@id\":\"https:\\\/\\\/canide-forts25.fr\\\/#organization\"},\"potentialAction\":[{\"@type\":\"SearchAction\",\"target\":{\"@type\":\"EntryPoint\",\"urlTemplate\":\"https:\\\/\\\/canide-forts25.fr\\\/?s={search_term_string}\"},\"query-input\":{\"@type\":\"PropertyValueSpecification\",\"valueRequired\":true,\"valueName\":\"search_term_string\"}}],\"inLanguage\":\"fr-FR\"},{\"@type\":\"Organization\",\"@id\":\"https:\\\/\\\/canide-forts25.fr\\\/#organization\",\"name\":\"Canid\u00e9'forts25\",\"url\":\"https:\\\/\\\/canide-forts25.fr\\\/\",\"logo\":{\"@type\":\"ImageObject\",\"inLanguage\":\"fr-FR\",\"@id\":\"https:\\\/\\\/canide-forts25.fr\\\/#\\\/schema\\\/logo\\\/image\\\/\",\"url\":\"http:\\\/\\\/canide-forts25.fr\\\/wp-content\\\/uploads\\\/2022\\\/12\\\/cropped-cropped-Sans-titre-11.png\",\"contentUrl\":\"http:\\\/\\\/canide-forts25.fr\\\/wp-content\\\/uploads\\\/2022\\\/12\\\/cropped-cropped-Sans-titre-11.png\",\"width\":991,\"height\":1401,\"caption\":\"Canid\u00e9'forts25\"},\"image\":{\"@id\":\"https:\\\/\\\/canide-forts25.fr\\\/#\\\/schema\\\/logo\\\/image\\\/\"},\"sameAs\":[\"https:\\\/\\\/www.facebook.com\\\/canideforts25\"]}]}<\/script>\n<!-- \/ Yoast SEO plugin. -->","yoast_head_json":{"title":"Documents - Canid\u00e9&#039;forts25","description":"vous trouverez ci-dessous le r\u00e8glement int\u00e9rieur du club ainsi que le statut du club Canid\u00e9'forts25 affili\u00e9 \u00e0 la FSLC","robots":{"index":"index","follow":"follow","max-snippet":"max-snippet:-1","max-image-preview":"max-image-preview:large","max-video-preview":"max-video-preview:-1"},"canonical":"https:\/\/canide-forts25.fr\/?page_id=64","og_locale":"fr_FR","og_type":"article","og_title":"Documents - Canid\u00e9&#039;forts25","og_description":"vous trouverez ci-dessous le r\u00e8glement int\u00e9rieur du club ainsi que le statut du club Canid\u00e9'forts25 affili\u00e9 \u00e0 la FSLC","og_url":"https:\/\/canide-forts25.fr\/?page_id=64","og_site_name":"Canid\u00e9&#039;forts25","article_publisher":"https:\/\/www.facebook.com\/canideforts25","article_modified_time":"2023-02-22T16:15:08+00:00","og_image":[{"width":2455,"height":2454,"url":"http:\/\/canide-forts25.fr\/wp-content\/uploads\/2022\/12\/CANIDE25_noir.jpg","type":"image\/jpeg"}],"twitter_card":"summary_large_image","twitter_misc":{"Dur\u00e9e de lecture estim\u00e9e":"1 minute"},"schema":{"@context":"https:\/\/schema.org","@graph":[{"@type":"WebPage","@id":"https:\/\/canide-forts25.fr\/?page_id=64","url":"https:\/\/canide-forts25.fr\/?page_id=64","name":"Documents - Canid\u00e9&#039;forts25","isPartOf":{"@id":"https:\/\/canide-forts25.fr\/#website"},"datePublished":"2022-12-11T17:27:25+00:00","dateModified":"2023-02-22T16:15:08+00:00","description":"vous trouverez ci-dessous le r\u00e8glement int\u00e9rieur du club ainsi que le statut du club Canid\u00e9'forts25 affili\u00e9 \u00e0 la FSLC","breadcrumb":{"@id":"https:\/\/canide-forts25.fr\/?page_id=64#breadcrumb"},"inLanguage":"fr-FR","potentialAction":[{"@type":"ReadAction","target":["https:\/\/canide-forts25.fr\/?page_id=64"]}]},{"@type":"BreadcrumbList","@id":"https:\/\/canide-forts25.fr\/?page_id=64#breadcrumb","itemListElement":[{"@type":"ListItem","position":1,"name":"Accueil","item":"https:\/\/canide-forts25.fr\/"},{"@type":"ListItem","position":2,"name":"Documents"}]},{"@type":"WebSite","@id":"https:\/\/canide-forts25.fr\/#website","url":"https:\/\/canide-forts25.fr\/","name":"Canid\u00e9&#039;forts25","description":"Club de cannicross dans le d\u00e9partement du Doubs(25)","publisher":{"@id":"https:\/\/canide-forts25.fr\/#organization"},"potentialAction":[{"@type":"SearchAction","target":{"@type":"EntryPoint","urlTemplate":"https:\/\/canide-forts25.fr\/?s={search_term_string}"},"query-input":{"@type":"PropertyValueSpecification","valueRequired":true,"valueName":"search_term_string"}}],"inLanguage":"fr-FR"},{"@type":"Organization","@id":"https:\/\/canide-forts25.fr\/#organization","name":"Canid\u00e9'forts25","url":"https:\/\/canide-forts25.fr\/","logo":{"@type":"ImageObject","inLanguage":"fr-FR","@id":"https:\/\/canide-forts25.fr\/#\/schema\/logo\/image\/","url":"http:\/\/canide-forts25.fr\/wp-content\/uploads\/2022\/12\/cropped-cropped-Sans-titre-11.png","contentUrl":"http:\/\/canide-forts25.fr\/wp-content\/uploads\/2022\/12\/cropped-cropped-Sans-titre-11.png","width":991,"height":1401,"caption":"Canid\u00e9'forts25"},"image":{"@id":"https:\/\/canide-forts25.fr\/#\/schema\/logo\/image\/"},"sameAs":["https:\/\/www.facebook.com\/canideforts25"]}]}},"_links":{"self":[{"href":"http:\/\/canide-forts25.fr\/index.php?rest_route=\/wp\/v2\/pages\/64","targetHints":{"allow":["GET"]}}],"collection":[{"href":"http:\/\/canide-forts25.fr\/index.php?rest_route=\/wp\/v2\/pages"}],"about":[{"href":"http:\/\/canide-forts25.fr\/index.php?rest_route=\/wp\/v2\/types\/page"}],"author":[{"embeddable":true,"href":"http:\/\/canide-forts25.fr\/index.php?rest_route=\/wp\/v2\/users\/1"}],"replies":[{"embeddable":true,"href":"http:\/\/canide-forts25.fr\/index.php?rest_route=%2Fwp%2Fv2%2Fcomments&post=64"}],"version-history":[{"count":5,"href":"http:\/\/canide-forts25.fr\/index.php?rest_route=\/wp\/v2\/pages\/64\/revisions"}],"predecessor-version":[{"id":225,"href":"http:\/\/canide-forts25.fr\/index.php?rest_route=\/wp\/v2\/pages\/64\/revisions\/225"}],"wp:attachment":[{"href":"http:\/\/canide-forts25.fr\/index.php?rest_route=%2Fwp%2Fv2%2Fmedia&parent=64"}],"curies":[{"name":"wp","href":"https:\/\/api.w.org\/{rel}","templated":true}]}}