{"id":66,"date":"2022-12-11T18:27:51","date_gmt":"2022-12-11T17:27:51","guid":{"rendered":"http:\/\/canide-forts25.fr\/?page_id=66"},"modified":"2025-09-19T20:37:35","modified_gmt":"2025-09-19T18:37:35","slug":"licence","status":"publish","type":"page","link":"http:\/\/canide-forts25.fr\/?page_id=66","title":{"rendered":"Prendre sa licence"},"content":{"rendered":"\t\t<div data-elementor-type=\"wp-page\" data-elementor-id=\"66\" class=\"elementor elementor-66\">\n\t\t\t\t\t\t<section class=\"elementor-section elementor-top-section elementor-element elementor-element-b233f93 elementor-section-boxed elementor-section-height-default elementor-section-height-default\" data-id=\"b233f93\" data-element_type=\"section\" data-e-type=\"section\">\n\t\t\t\t\t\t<div class=\"elementor-container elementor-column-gap-default\">\n\t\t\t\t\t<div class=\"elementor-column elementor-col-100 elementor-top-column elementor-element elementor-element-9947bd4\" data-id=\"9947bd4\" data-element_type=\"column\" data-e-type=\"column\">\n\t\t\t<div class=\"elementor-widget-wrap elementor-element-populated\">\n\t\t\t\t\t\t<div class=\"elementor-element elementor-element-c928f27 elementor-widget elementor-widget-text-editor\" data-id=\"c928f27\" data-element_type=\"widget\" data-e-type=\"widget\" data-widget_type=\"text-editor.default\">\n\t\t\t\t<div class=\"elementor-widget-container\">\n\t\t\t\t\t\t\t\t\t<p>En plus de votre adh\u00e9sion, vous devez souscrire \u00e0 une licence \u00e0 la FFSLC (F\u00e9d\u00e9ration Fran\u00e7aise des Sports et Loisirs Canins).<\/p>\n<p>Pour cela, voici les \u00e9tapes \u00e0 suivre :<\/p>\n<p>1\/ Vous rendre sur le site d\u00e9di\u00e9 aux licences de la FSLC : <a href=\"https:\/\/courses.fslc-canicross.net\/fr\/\">https:\/\/courses.fslc-canicross.net\/fr\/<\/a><\/p>\n<p><span id=\"page56R_mcid11\" class=\"markedContent\"><\/span><span id=\"page56R_mcid12\" class=\"markedContent\"><\/span><span id=\"page56R_mcid13\" class=\"markedContent\">2\/ <span dir=\"ltr\" role=\"presentation\">L\u2019adh\u00e9rent cr\u00e9\u00e9 son profil (s\u2019il ne l\u2019a pas<\/span> <span dir=\"ltr\" role=\"presentation\">d\u00e9j\u00e0 fait sur la plateforme<\/span><span dir=\"ltr\" role=\"presentation\">)<\/span><\/span><span id=\"page56R_mcid14\" class=\"markedContent\"><\/span><\/p>\n<p><span id=\"page56R_mcid14\" class=\"markedContent\"><br role=\"presentation\"><span dir=\"ltr\" role=\"presentation\">3\/&nbsp; <\/span><span dir=\"ltr\" role=\"presentation\">Il effectue sa demande de licence comp\u00e9tition, loisir ou handisport<\/span><\/span><span id=\"page56R_mcid15\" class=\"markedContent\"><\/span><\/p>\n<p><span id=\"page56R_mcid15\" class=\"markedContent\"><br role=\"presentation\"><span dir=\"ltr\" role=\"presentation\">4\/<\/span> <span dir=\"ltr\" role=\"presentation\">Une notification est envoy\u00e9e par la FFSLC sur le mail&nbsp; du club<\/span><\/span><span id=\"page56R_mcid16\" class=\"markedContent\"><\/span><\/p>\n<p><span id=\"page56R_mcid16\" class=\"markedContent\"><br role=\"presentation\"><span dir=\"ltr\" role=\"presentation\">5\/<\/span> <span dir=\"ltr\" role=\"presentation\">Le club attend: <\/span><\/span><\/p>\n<p><span id=\"page56R_mcid16\" class=\"markedContent\"><span dir=\"ltr\" role=\"presentation\">&nbsp; -le r\u00e8glement de la licence accompagn\u00e9 de l&rsquo;adhesion au club (+40\u20ac)&nbsp;<\/span><\/span><\/p>\n<p><span id=\"page56R_mcid16\" class=\"markedContent\">&nbsp; &#8211;<span dir=\"ltr\" role=\"presentation\">l\u2019attestation de bonne sant\u00e9 ou le certificat m\u00e9dical de l\u2019adh\u00e9rent<\/span><br role=\"presentation\"><span dir=\"ltr\" role=\"presentation\">ou l\u2019attestation MDPH pour les cat\u00e9gories<\/span> <span dir=\"ltr\" role=\"presentation\">handisports<\/span><span dir=\"ltr\" role=\"presentation\">, s\u2019il n\u2019a pas \u00e9t\u00e9 t\u00e9l\u00e9charg\u00e9 \u00e0 la souscription.<\/span><\/span><\/p>\n<p>&nbsp;-Les informations personnelle du profil correctement renseign\u00e9es sur la plateforme<\/p>\n<p>6\/ Le passeport vaccinal du chien devra \u00eatre rempli et valide sous 1 mois apr\u00e8s la souscription \u00e0 une licence<\/p>\t\t\t\t\t\t\t\t<\/div>\n\t\t\t\t<\/div>\n\t\t\t\t\t<\/div>\n\t\t<\/div>\n\t\t\t\t\t<\/div>\n\t\t<\/section>\n\t\t\t\t<\/div>\n\t\t","protected":false},"excerpt":{"rendered":"<p>En plus de votre adh\u00e9sion, vous devez souscrire \u00e0 une licence \u00e0 la FFSLC (F\u00e9d\u00e9ration Fran\u00e7aise des Sports et Loisirs Canins). Pour cela, voici les \u00e9tapes \u00e0 suivre : 1\/ Vous rendre sur le site d\u00e9di\u00e9 aux licences de la FSLC : https:\/\/courses.fslc-canicross.net\/fr\/ 2\/ L\u2019adh\u00e9rent cr\u00e9\u00e9 son profil (s\u2019il ne l\u2019a pas d\u00e9j\u00e0 fait sur [&hellip;]<\/p>\n","protected":false},"author":1,"featured_media":0,"parent":0,"menu_order":0,"comment_status":"closed","ping_status":"closed","template":"","meta":{"footnotes":""},"class_list":["post-66","page","type-page","status-publish","hentry","post-preview"],"yoast_head":"<!-- This site is optimized with the Yoast SEO plugin v27.5 - https:\/\/yoast.com\/product\/yoast-seo-wordpress\/ -->\n<title>Prendre sa licence - Canid\u00e9&#039;forts25<\/title>\n<meta name=\"description\" content=\"En plus de votre adh\u00e9sion, vous devez souscrire \u00e0 une licence \u00e0 la FSLC (F\u00e9d\u00e9ration des Sports et Loisirs Canins).\" \/>\n<meta name=\"robots\" content=\"index, follow, max-snippet:-1, max-image-preview:large, max-video-preview:-1\" \/>\n<link rel=\"canonical\" href=\"http:\/\/canide-forts25.fr\/?page_id=66\" \/>\n<meta property=\"og:locale\" content=\"fr_FR\" \/>\n<meta property=\"og:type\" content=\"article\" \/>\n<meta property=\"og:title\" content=\"Prendre sa licence - Canid\u00e9&#039;forts25\" \/>\n<meta property=\"og:description\" content=\"En plus de votre adh\u00e9sion, vous devez souscrire \u00e0 une licence \u00e0 la FSLC (F\u00e9d\u00e9ration des Sports et Loisirs Canins).\" \/>\n<meta property=\"og:url\" content=\"http:\/\/canide-forts25.fr\/?page_id=66\" \/>\n<meta property=\"og:site_name\" content=\"Canid\u00e9&#039;forts25\" \/>\n<meta property=\"article:publisher\" content=\"https:\/\/www.facebook.com\/canideforts25\" \/>\n<meta property=\"article:modified_time\" content=\"2025-09-19T18:37:35+00:00\" \/>\n<meta property=\"og:image\" content=\"http:\/\/canide-forts25.fr\/wp-content\/uploads\/2022\/12\/CANIDE25_noir.jpg\" \/>\n\t<meta property=\"og:image:width\" content=\"2455\" \/>\n\t<meta property=\"og:image:height\" content=\"2454\" \/>\n\t<meta property=\"og:image:type\" content=\"image\/jpeg\" \/>\n<meta name=\"twitter:card\" content=\"summary_large_image\" \/>\n<meta name=\"twitter:label1\" content=\"Dur\u00e9e de lecture estim\u00e9e\" \/>\n\t<meta name=\"twitter:data1\" content=\"1 minute\" \/>\n<script type=\"application\/ld+json\" class=\"yoast-schema-graph\">{\"@context\":\"https:\\\/\\\/schema.org\",\"@graph\":[{\"@type\":\"WebPage\",\"@id\":\"http:\\\/\\\/canide-forts25.fr\\\/?page_id=66\",\"url\":\"http:\\\/\\\/canide-forts25.fr\\\/?page_id=66\",\"name\":\"Prendre sa licence - Canid\u00e9&#039;forts25\",\"isPartOf\":{\"@id\":\"https:\\\/\\\/canide-forts25.fr\\\/#website\"},\"datePublished\":\"2022-12-11T17:27:51+00:00\",\"dateModified\":\"2025-09-19T18:37:35+00:00\",\"description\":\"En plus de votre adh\u00e9sion, vous devez souscrire \u00e0 une licence \u00e0 la FSLC (F\u00e9d\u00e9ration des Sports et Loisirs Canins).\",\"breadcrumb\":{\"@id\":\"http:\\\/\\\/canide-forts25.fr\\\/?page_id=66#breadcrumb\"},\"inLanguage\":\"fr-FR\",\"potentialAction\":[{\"@type\":\"ReadAction\",\"target\":[\"http:\\\/\\\/canide-forts25.fr\\\/?page_id=66\"]}]},{\"@type\":\"BreadcrumbList\",\"@id\":\"http:\\\/\\\/canide-forts25.fr\\\/?page_id=66#breadcrumb\",\"itemListElement\":[{\"@type\":\"ListItem\",\"position\":1,\"name\":\"Accueil\",\"item\":\"https:\\\/\\\/canide-forts25.fr\\\/\"},{\"@type\":\"ListItem\",\"position\":2,\"name\":\"Prendre sa licence\"}]},{\"@type\":\"WebSite\",\"@id\":\"https:\\\/\\\/canide-forts25.fr\\\/#website\",\"url\":\"https:\\\/\\\/canide-forts25.fr\\\/\",\"name\":\"Canid\u00e9&#039;forts25\",\"description\":\"Club de cannicross dans le d\u00e9partement du Doubs(25)\",\"publisher\":{\"@id\":\"https:\\\/\\\/canide-forts25.fr\\\/#organization\"},\"potentialAction\":[{\"@type\":\"SearchAction\",\"target\":{\"@type\":\"EntryPoint\",\"urlTemplate\":\"https:\\\/\\\/canide-forts25.fr\\\/?s={search_term_string}\"},\"query-input\":{\"@type\":\"PropertyValueSpecification\",\"valueRequired\":true,\"valueName\":\"search_term_string\"}}],\"inLanguage\":\"fr-FR\"},{\"@type\":\"Organization\",\"@id\":\"https:\\\/\\\/canide-forts25.fr\\\/#organization\",\"name\":\"Canid\u00e9'forts25\",\"url\":\"https:\\\/\\\/canide-forts25.fr\\\/\",\"logo\":{\"@type\":\"ImageObject\",\"inLanguage\":\"fr-FR\",\"@id\":\"https:\\\/\\\/canide-forts25.fr\\\/#\\\/schema\\\/logo\\\/image\\\/\",\"url\":\"http:\\\/\\\/canide-forts25.fr\\\/wp-content\\\/uploads\\\/2022\\\/12\\\/cropped-cropped-Sans-titre-11.png\",\"contentUrl\":\"http:\\\/\\\/canide-forts25.fr\\\/wp-content\\\/uploads\\\/2022\\\/12\\\/cropped-cropped-Sans-titre-11.png\",\"width\":991,\"height\":1401,\"caption\":\"Canid\u00e9'forts25\"},\"image\":{\"@id\":\"https:\\\/\\\/canide-forts25.fr\\\/#\\\/schema\\\/logo\\\/image\\\/\"},\"sameAs\":[\"https:\\\/\\\/www.facebook.com\\\/canideforts25\"]}]}<\/script>\n<!-- \/ Yoast SEO plugin. -->","yoast_head_json":{"title":"Prendre sa licence - Canid\u00e9&#039;forts25","description":"En plus de votre adh\u00e9sion, vous devez souscrire \u00e0 une licence \u00e0 la FSLC (F\u00e9d\u00e9ration des Sports et Loisirs Canins).","robots":{"index":"index","follow":"follow","max-snippet":"max-snippet:-1","max-image-preview":"max-image-preview:large","max-video-preview":"max-video-preview:-1"},"canonical":"http:\/\/canide-forts25.fr\/?page_id=66","og_locale":"fr_FR","og_type":"article","og_title":"Prendre sa licence - Canid\u00e9&#039;forts25","og_description":"En plus de votre adh\u00e9sion, vous devez souscrire \u00e0 une licence \u00e0 la FSLC (F\u00e9d\u00e9ration des Sports et Loisirs Canins).","og_url":"http:\/\/canide-forts25.fr\/?page_id=66","og_site_name":"Canid\u00e9&#039;forts25","article_publisher":"https:\/\/www.facebook.com\/canideforts25","article_modified_time":"2025-09-19T18:37:35+00:00","og_image":[{"width":2455,"height":2454,"url":"http:\/\/canide-forts25.fr\/wp-content\/uploads\/2022\/12\/CANIDE25_noir.jpg","type":"image\/jpeg"}],"twitter_card":"summary_large_image","twitter_misc":{"Dur\u00e9e de lecture estim\u00e9e":"1 minute"},"schema":{"@context":"https:\/\/schema.org","@graph":[{"@type":"WebPage","@id":"http:\/\/canide-forts25.fr\/?page_id=66","url":"http:\/\/canide-forts25.fr\/?page_id=66","name":"Prendre sa licence - Canid\u00e9&#039;forts25","isPartOf":{"@id":"https:\/\/canide-forts25.fr\/#website"},"datePublished":"2022-12-11T17:27:51+00:00","dateModified":"2025-09-19T18:37:35+00:00","description":"En plus de votre adh\u00e9sion, vous devez souscrire \u00e0 une licence \u00e0 la FSLC (F\u00e9d\u00e9ration des Sports et Loisirs Canins).","breadcrumb":{"@id":"http:\/\/canide-forts25.fr\/?page_id=66#breadcrumb"},"inLanguage":"fr-FR","potentialAction":[{"@type":"ReadAction","target":["http:\/\/canide-forts25.fr\/?page_id=66"]}]},{"@type":"BreadcrumbList","@id":"http:\/\/canide-forts25.fr\/?page_id=66#breadcrumb","itemListElement":[{"@type":"ListItem","position":1,"name":"Accueil","item":"https:\/\/canide-forts25.fr\/"},{"@type":"ListItem","position":2,"name":"Prendre sa licence"}]},{"@type":"WebSite","@id":"https:\/\/canide-forts25.fr\/#website","url":"https:\/\/canide-forts25.fr\/","name":"Canid\u00e9&#039;forts25","description":"Club de cannicross dans le d\u00e9partement du Doubs(25)","publisher":{"@id":"https:\/\/canide-forts25.fr\/#organization"},"potentialAction":[{"@type":"SearchAction","target":{"@type":"EntryPoint","urlTemplate":"https:\/\/canide-forts25.fr\/?s={search_term_string}"},"query-input":{"@type":"PropertyValueSpecification","valueRequired":true,"valueName":"search_term_string"}}],"inLanguage":"fr-FR"},{"@type":"Organization","@id":"https:\/\/canide-forts25.fr\/#organization","name":"Canid\u00e9'forts25","url":"https:\/\/canide-forts25.fr\/","logo":{"@type":"ImageObject","inLanguage":"fr-FR","@id":"https:\/\/canide-forts25.fr\/#\/schema\/logo\/image\/","url":"http:\/\/canide-forts25.fr\/wp-content\/uploads\/2022\/12\/cropped-cropped-Sans-titre-11.png","contentUrl":"http:\/\/canide-forts25.fr\/wp-content\/uploads\/2022\/12\/cropped-cropped-Sans-titre-11.png","width":991,"height":1401,"caption":"Canid\u00e9'forts25"},"image":{"@id":"https:\/\/canide-forts25.fr\/#\/schema\/logo\/image\/"},"sameAs":["https:\/\/www.facebook.com\/canideforts25"]}]}},"_links":{"self":[{"href":"http:\/\/canide-forts25.fr\/index.php?rest_route=\/wp\/v2\/pages\/66","targetHints":{"allow":["GET"]}}],"collection":[{"href":"http:\/\/canide-forts25.fr\/index.php?rest_route=\/wp\/v2\/pages"}],"about":[{"href":"http:\/\/canide-forts25.fr\/index.php?rest_route=\/wp\/v2\/types\/page"}],"author":[{"embeddable":true,"href":"http:\/\/canide-forts25.fr\/index.php?rest_route=\/wp\/v2\/users\/1"}],"replies":[{"embeddable":true,"href":"http:\/\/canide-forts25.fr\/index.php?rest_route=%2Fwp%2Fv2%2Fcomments&post=66"}],"version-history":[{"count":38,"href":"http:\/\/canide-forts25.fr\/index.php?rest_route=\/wp\/v2\/pages\/66\/revisions"}],"predecessor-version":[{"id":436,"href":"http:\/\/canide-forts25.fr\/index.php?rest_route=\/wp\/v2\/pages\/66\/revisions\/436"}],"wp:attachment":[{"href":"http:\/\/canide-forts25.fr\/index.php?rest_route=%2Fwp%2Fv2%2Fmedia&parent=66"}],"curies":[{"name":"wp","href":"https:\/\/api.w.org\/{rel}","templated":true}]}}