{"id":68,"date":"2022-12-11T18:28:35","date_gmt":"2022-12-11T17:28:35","guid":{"rendered":"http:\/\/canide-forts25.fr\/?page_id=68"},"modified":"2023-02-22T17:12:37","modified_gmt":"2023-02-22T16:12:37","slug":"contact","status":"publish","type":"page","link":"http:\/\/canide-forts25.fr\/?page_id=68","title":{"rendered":"Contact \ud83d\udcde"},"content":{"rendered":"\t\t<div data-elementor-type=\"wp-page\" data-elementor-id=\"68\" class=\"elementor elementor-68\">\n\t\t\t\t\t\t<section class=\"elementor-section elementor-top-section elementor-element elementor-element-eda92af elementor-section-boxed elementor-section-height-default elementor-section-height-default\" data-id=\"eda92af\" data-element_type=\"section\" data-e-type=\"section\">\n\t\t\t\t\t\t<div class=\"elementor-container elementor-column-gap-default\">\n\t\t\t\t\t<div class=\"elementor-column elementor-col-100 elementor-top-column elementor-element elementor-element-e1c2a4a\" data-id=\"e1c2a4a\" data-element_type=\"column\" data-e-type=\"column\">\n\t\t\t<div class=\"elementor-widget-wrap elementor-element-populated\">\n\t\t\t\t\t\t<div class=\"elementor-element elementor-element-f1b85e3 elementor-widget elementor-widget-formidable\" data-id=\"f1b85e3\" data-element_type=\"widget\" data-e-type=\"widget\" data-widget_type=\"formidable.default\">\n\t\t\t\t<div class=\"elementor-widget-container\">\n\t\t\t\t\t<div class=\"frm_forms  with_frm_style frm_style_formidable-style\" id=\"frm_form_2_container\" data-token=\"6ee0098de060c4df9f5f369a18cc6bdf\">\n<form enctype=\"multipart\/form-data\" method=\"post\" class=\"frm-show-form \" id=\"form_contact\" data-token=\"6ee0098de060c4df9f5f369a18cc6bdf\">\n<div class=\"frm_form_fields \">\n<fieldset>\n<legend class=\"frm_screen_reader\">contact<\/legend>\r\n\r\n<div class=\"frm_fields_container\">\n<input type=\"hidden\" name=\"frm_action\" value=\"create\" \/>\n<input type=\"hidden\" name=\"form_id\" value=\"2\" \/>\n<input type=\"hidden\" name=\"frm_hide_fields_2\" id=\"frm_hide_fields_2\" value=\"\" \/>\n<input type=\"hidden\" name=\"form_key\" value=\"contact\" \/>\n<input type=\"hidden\" name=\"item_meta[0]\" value=\"\" \/>\n<input type=\"hidden\" id=\"frm_submit_entry_2\" name=\"frm_submit_entry_2\" value=\"5d59c95862\" \/><input type=\"hidden\" name=\"_wp_http_referer\" value=\"\/index.php?rest_route=%2Fwp%2Fv2%2Fpages%2F68\" \/><div id=\"frm_field_6_container\" class=\"frm_form_field form-field  frm_required_field frm_top_container frm6 frm_first\">\r\n    <label for=\"field_gdaep\" id=\"field_gdaep_label\" class=\"frm_primary_label\">Pr\u00e9nom\r\n        <span class=\"frm_required\" aria-hidden=\"true\">*<\/span>\r\n    <\/label>\r\n    <input type=\"text\" id=\"field_gdaep\" name=\"item_meta[6]\" value=\"\"  data-reqmsg=\"Pr\u00e9nom ne peut pas \u00eatre vide.\" aria-required=\"true\" data-invmsg=\"texte est non valide\" aria-invalid=\"false\"  \/>\r\n    \r\n    \r\n<\/div>\n<div id=\"frm_field_7_container\" class=\"frm_form_field form-field  frm_required_field frm_top_container frm6\">\r\n    <label for=\"field_tsbev\" id=\"field_tsbev_label\" class=\"frm_primary_label\">Nom\r\n        <span class=\"frm_required\" aria-hidden=\"true\">*<\/span>\r\n    <\/label>\r\n    <input type=\"text\" id=\"field_tsbev\" name=\"item_meta[7]\" value=\"\"  data-reqmsg=\"Nom ne peut pas \u00eatre vide.\" aria-required=\"true\" data-invmsg=\"texte est non valide\" aria-invalid=\"false\"  \/>\r\n    \r\n    \r\n<\/div>\n<div id=\"frm_field_8_container\" class=\"frm_form_field form-field  frm_required_field frm_top_container frm12 frm_first\">\r\n    <label for=\"field_igclh\" id=\"field_igclh_label\" class=\"frm_primary_label\">Email\r\n        <span class=\"frm_required\" aria-hidden=\"true\">*<\/span>\r\n    <\/label>\r\n    <input type=\"email\" id=\"field_igclh\" name=\"item_meta[8]\" value=\"\"  data-reqmsg=\"Email ne peut pas \u00eatre vide.\" aria-required=\"true\" data-invmsg=\"Email est non valide\" aria-invalid=\"false\"  \/>\r\n    \r\n    \r\n<\/div>\n<div id=\"frm_field_10_container\" class=\"frm_form_field form-field  frm_required_field frm_top_container\">\r\n    <label for=\"field_4qza\" id=\"field_4qza_label\" class=\"frm_primary_label\">Sujet\r\n        <span class=\"frm_required\" aria-hidden=\"true\">*<\/span>\r\n    <\/label>\r\n    <input type=\"text\" id=\"field_4qza\" name=\"item_meta[10]\" value=\"\"  data-reqmsg=\"Ce champ ne peut pas \u00eatre vide\" aria-required=\"true\" data-invmsg=\"texte est non valide\" aria-invalid=\"false\"  \/>\r\n    \r\n    \r\n<\/div>\n<div id=\"frm_field_11_container\" class=\"frm_form_field form-field  frm_top_container\">\r\n    <label for=\"field_v3iss\" id=\"field_v3iss_label\" class=\"frm_primary_label\">Message\r\n        <span class=\"frm_required\" aria-hidden=\"true\"><\/span>\r\n    <\/label>\r\n    <textarea name=\"item_meta[11]\" id=\"field_v3iss\" rows=\"5\"  data-invmsg=\"Message est non valide\" aria-invalid=\"false\"  ><\/textarea>\r\n    \r\n    \r\n<\/div>\n\t<input type=\"hidden\" name=\"item_key\" value=\"\" \/>\n\t\t\t<div id=\"frm_field_12_container\">\n\t\t\t<label for=\"field_tge9y\" >\n\t\t\t\tSi vous \u00eates un humain, ne remplissez pas ce champ.\t\t\t<\/label>\n\t\t\t<input  id=\"field_tge9y\" type=\"text\" class=\"frm_form_field form-field frm_verify\" name=\"item_meta[12]\" value=\"\"  \/>\n\t\t<\/div>\n\t\t<input name=\"frm_state\" type=\"hidden\" value=\"MDGzZwDz7suzAGJ5eTXRWkxqYLj2GCcFLL8NwT6X+oQ=\" \/><div class=\"frm_submit\">\r\n\r\n<button class=\"frm_button_submit\" type=\"submit\"  >Envoyer<\/button>\r\n\r\n\r\n<\/div><\/div>\n<\/fieldset>\n<\/div>\n\n<\/form>\n<\/div>\n\t\t\t\t<\/div>\n\t\t\t\t<\/div>\n\t\t\t\t\t<\/div>\n\t\t<\/div>\n\t\t\t\t\t<\/div>\n\t\t<\/section>\n\t\t\t\t<section class=\"elementor-section elementor-top-section elementor-element elementor-element-43b340e elementor-section-boxed elementor-section-height-default elementor-section-height-default\" data-id=\"43b340e\" data-element_type=\"section\" data-e-type=\"section\">\n\t\t\t\t\t\t<div class=\"elementor-container elementor-column-gap-default\">\n\t\t\t\t\t<div class=\"elementor-column elementor-col-100 elementor-top-column elementor-element elementor-element-9eaec94\" data-id=\"9eaec94\" data-element_type=\"column\" data-e-type=\"column\">\n\t\t\t<div class=\"elementor-widget-wrap elementor-element-populated\">\n\t\t\t\t\t\t<div class=\"elementor-element elementor-element-eda0ad1 elementor-widget elementor-widget-google_maps\" data-id=\"eda0ad1\" data-element_type=\"widget\" data-e-type=\"widget\" data-widget_type=\"google_maps.default\">\n\t\t\t\t<div class=\"elementor-widget-container\">\n\t\t\t\t\t\t\t<div class=\"elementor-custom-embed\">\n\t\t\t<iframe loading=\"lazy\"\n\t\t\t\t\tsrc=\"https:\/\/maps.google.com\/maps?q=Byans%20sur%20doubs&#038;t=m&#038;z=8&#038;output=embed&#038;iwloc=near\"\n\t\t\t\t\ttitle=\"Byans sur doubs\"\n\t\t\t\t\taria-label=\"Byans sur doubs\"\n\t\t\t><\/iframe>\n\t\t<\/div>\n\t\t\t\t\t\t<\/div>\n\t\t\t\t<\/div>\n\t\t\t\t\t<\/div>\n\t\t<\/div>\n\t\t\t\t\t<\/div>\n\t\t<\/section>\n\t\t\t\t<\/div>\n\t\t","protected":false},"excerpt":{"rendered":"<p>contact Pr\u00e9nom * Nom * Email * sujet * message Si vous \u00eates un humain, ne remplissez pas ce champ. Envoyer<\/p>\n","protected":false},"author":1,"featured_media":0,"parent":0,"menu_order":0,"comment_status":"closed","ping_status":"closed","template":"","meta":{"footnotes":""},"class_list":["post-68","page","type-page","status-publish","hentry","post-preview"],"yoast_head":"<!-- This site is optimized with the Yoast SEO plugin v27.5 - https:\/\/yoast.com\/product\/yoast-seo-wordpress\/ -->\n<title>Contact \ud83d\udcde - Canid\u00e9&#039;forts25<\/title>\n<meta name=\"description\" content=\"canid\u00e9&#039;forts25 - contact\u00e9 nous pour plus de renseignement sur le canicross et la canimarche dans le secteur de Besan\u00e7on \/ Quingey \/ St vit\" \/>\n<meta name=\"robots\" content=\"index, follow, max-snippet:-1, max-image-preview:large, max-video-preview:-1\" \/>\n<link rel=\"canonical\" href=\"http:\/\/canide-forts25.fr\/?page_id=68\" \/>\n<meta property=\"og:locale\" content=\"fr_FR\" \/>\n<meta property=\"og:type\" content=\"article\" \/>\n<meta property=\"og:title\" content=\"Contact \ud83d\udcde - Canid\u00e9&#039;forts25\" \/>\n<meta property=\"og:description\" content=\"canid\u00e9&#039;forts25 - contact\u00e9 nous pour plus de renseignement sur le canicross et la canimarche dans le secteur de Besan\u00e7on \/ Quingey \/ St vit\" \/>\n<meta property=\"og:url\" content=\"http:\/\/canide-forts25.fr\/?page_id=68\" \/>\n<meta property=\"og:site_name\" content=\"Canid\u00e9&#039;forts25\" \/>\n<meta property=\"article:publisher\" content=\"https:\/\/www.facebook.com\/canideforts25\" \/>\n<meta property=\"article:modified_time\" content=\"2023-02-22T16:12:37+00:00\" \/>\n<meta property=\"og:image\" content=\"http:\/\/canide-forts25.fr\/wp-content\/uploads\/2022\/12\/CANIDE25_noir.jpg\" \/>\n\t<meta property=\"og:image:width\" content=\"2455\" \/>\n\t<meta property=\"og:image:height\" content=\"2454\" \/>\n\t<meta property=\"og:image:type\" content=\"image\/jpeg\" \/>\n<meta name=\"twitter:card\" content=\"summary_large_image\" \/>\n<meta name=\"twitter:label1\" content=\"Dur\u00e9e de lecture estim\u00e9e\" \/>\n\t<meta name=\"twitter:data1\" content=\"1 minute\" \/>\n<script type=\"application\/ld+json\" class=\"yoast-schema-graph\">{\"@context\":\"https:\\\/\\\/schema.org\",\"@graph\":[{\"@type\":\"WebPage\",\"@id\":\"http:\\\/\\\/canide-forts25.fr\\\/?page_id=68\",\"url\":\"http:\\\/\\\/canide-forts25.fr\\\/?page_id=68\",\"name\":\"Contact \ud83d\udcde - Canid\u00e9&#039;forts25\",\"isPartOf\":{\"@id\":\"https:\\\/\\\/canide-forts25.fr\\\/#website\"},\"datePublished\":\"2022-12-11T17:28:35+00:00\",\"dateModified\":\"2023-02-22T16:12:37+00:00\",\"description\":\"canid\u00e9'forts25 - contact\u00e9 nous pour plus de renseignement sur le canicross et la canimarche dans le secteur de Besan\u00e7on \\\/ Quingey \\\/ St vit\",\"breadcrumb\":{\"@id\":\"http:\\\/\\\/canide-forts25.fr\\\/?page_id=68#breadcrumb\"},\"inLanguage\":\"fr-FR\",\"potentialAction\":[{\"@type\":\"ReadAction\",\"target\":[\"http:\\\/\\\/canide-forts25.fr\\\/?page_id=68\"]}]},{\"@type\":\"BreadcrumbList\",\"@id\":\"http:\\\/\\\/canide-forts25.fr\\\/?page_id=68#breadcrumb\",\"itemListElement\":[{\"@type\":\"ListItem\",\"position\":1,\"name\":\"Accueil\",\"item\":\"https:\\\/\\\/canide-forts25.fr\\\/\"},{\"@type\":\"ListItem\",\"position\":2,\"name\":\"Contact \ud83d\udcde\"}]},{\"@type\":\"WebSite\",\"@id\":\"https:\\\/\\\/canide-forts25.fr\\\/#website\",\"url\":\"https:\\\/\\\/canide-forts25.fr\\\/\",\"name\":\"Canid\u00e9&#039;forts25\",\"description\":\"Club de cannicross dans le d\u00e9partement du Doubs(25)\",\"publisher\":{\"@id\":\"https:\\\/\\\/canide-forts25.fr\\\/#organization\"},\"potentialAction\":[{\"@type\":\"SearchAction\",\"target\":{\"@type\":\"EntryPoint\",\"urlTemplate\":\"https:\\\/\\\/canide-forts25.fr\\\/?s={search_term_string}\"},\"query-input\":{\"@type\":\"PropertyValueSpecification\",\"valueRequired\":true,\"valueName\":\"search_term_string\"}}],\"inLanguage\":\"fr-FR\"},{\"@type\":\"Organization\",\"@id\":\"https:\\\/\\\/canide-forts25.fr\\\/#organization\",\"name\":\"Canid\u00e9'forts25\",\"url\":\"https:\\\/\\\/canide-forts25.fr\\\/\",\"logo\":{\"@type\":\"ImageObject\",\"inLanguage\":\"fr-FR\",\"@id\":\"https:\\\/\\\/canide-forts25.fr\\\/#\\\/schema\\\/logo\\\/image\\\/\",\"url\":\"http:\\\/\\\/canide-forts25.fr\\\/wp-content\\\/uploads\\\/2022\\\/12\\\/cropped-cropped-Sans-titre-11.png\",\"contentUrl\":\"http:\\\/\\\/canide-forts25.fr\\\/wp-content\\\/uploads\\\/2022\\\/12\\\/cropped-cropped-Sans-titre-11.png\",\"width\":991,\"height\":1401,\"caption\":\"Canid\u00e9'forts25\"},\"image\":{\"@id\":\"https:\\\/\\\/canide-forts25.fr\\\/#\\\/schema\\\/logo\\\/image\\\/\"},\"sameAs\":[\"https:\\\/\\\/www.facebook.com\\\/canideforts25\"]}]}<\/script>\n<!-- \/ Yoast SEO plugin. -->","yoast_head_json":{"title":"Contact \ud83d\udcde - Canid\u00e9&#039;forts25","description":"canid\u00e9'forts25 - contact\u00e9 nous pour plus de renseignement sur le canicross et la canimarche dans le secteur de Besan\u00e7on \/ Quingey \/ St vit","robots":{"index":"index","follow":"follow","max-snippet":"max-snippet:-1","max-image-preview":"max-image-preview:large","max-video-preview":"max-video-preview:-1"},"canonical":"http:\/\/canide-forts25.fr\/?page_id=68","og_locale":"fr_FR","og_type":"article","og_title":"Contact \ud83d\udcde - Canid\u00e9&#039;forts25","og_description":"canid\u00e9'forts25 - contact\u00e9 nous pour plus de renseignement sur le canicross et la canimarche dans le secteur de Besan\u00e7on \/ Quingey \/ St vit","og_url":"http:\/\/canide-forts25.fr\/?page_id=68","og_site_name":"Canid\u00e9&#039;forts25","article_publisher":"https:\/\/www.facebook.com\/canideforts25","article_modified_time":"2023-02-22T16:12:37+00:00","og_image":[{"width":2455,"height":2454,"url":"http:\/\/canide-forts25.fr\/wp-content\/uploads\/2022\/12\/CANIDE25_noir.jpg","type":"image\/jpeg"}],"twitter_card":"summary_large_image","twitter_misc":{"Dur\u00e9e de lecture estim\u00e9e":"1 minute"},"schema":{"@context":"https:\/\/schema.org","@graph":[{"@type":"WebPage","@id":"http:\/\/canide-forts25.fr\/?page_id=68","url":"http:\/\/canide-forts25.fr\/?page_id=68","name":"Contact \ud83d\udcde - Canid\u00e9&#039;forts25","isPartOf":{"@id":"https:\/\/canide-forts25.fr\/#website"},"datePublished":"2022-12-11T17:28:35+00:00","dateModified":"2023-02-22T16:12:37+00:00","description":"canid\u00e9'forts25 - contact\u00e9 nous pour plus de renseignement sur le canicross et la canimarche dans le secteur de Besan\u00e7on \/ Quingey \/ St vit","breadcrumb":{"@id":"http:\/\/canide-forts25.fr\/?page_id=68#breadcrumb"},"inLanguage":"fr-FR","potentialAction":[{"@type":"ReadAction","target":["http:\/\/canide-forts25.fr\/?page_id=68"]}]},{"@type":"BreadcrumbList","@id":"http:\/\/canide-forts25.fr\/?page_id=68#breadcrumb","itemListElement":[{"@type":"ListItem","position":1,"name":"Accueil","item":"https:\/\/canide-forts25.fr\/"},{"@type":"ListItem","position":2,"name":"Contact \ud83d\udcde"}]},{"@type":"WebSite","@id":"https:\/\/canide-forts25.fr\/#website","url":"https:\/\/canide-forts25.fr\/","name":"Canid\u00e9&#039;forts25","description":"Club de cannicross dans le d\u00e9partement du Doubs(25)","publisher":{"@id":"https:\/\/canide-forts25.fr\/#organization"},"potentialAction":[{"@type":"SearchAction","target":{"@type":"EntryPoint","urlTemplate":"https:\/\/canide-forts25.fr\/?s={search_term_string}"},"query-input":{"@type":"PropertyValueSpecification","valueRequired":true,"valueName":"search_term_string"}}],"inLanguage":"fr-FR"},{"@type":"Organization","@id":"https:\/\/canide-forts25.fr\/#organization","name":"Canid\u00e9'forts25","url":"https:\/\/canide-forts25.fr\/","logo":{"@type":"ImageObject","inLanguage":"fr-FR","@id":"https:\/\/canide-forts25.fr\/#\/schema\/logo\/image\/","url":"http:\/\/canide-forts25.fr\/wp-content\/uploads\/2022\/12\/cropped-cropped-Sans-titre-11.png","contentUrl":"http:\/\/canide-forts25.fr\/wp-content\/uploads\/2022\/12\/cropped-cropped-Sans-titre-11.png","width":991,"height":1401,"caption":"Canid\u00e9'forts25"},"image":{"@id":"https:\/\/canide-forts25.fr\/#\/schema\/logo\/image\/"},"sameAs":["https:\/\/www.facebook.com\/canideforts25"]}]}},"_links":{"self":[{"href":"http:\/\/canide-forts25.fr\/index.php?rest_route=\/wp\/v2\/pages\/68","targetHints":{"allow":["GET"]}}],"collection":[{"href":"http:\/\/canide-forts25.fr\/index.php?rest_route=\/wp\/v2\/pages"}],"about":[{"href":"http:\/\/canide-forts25.fr\/index.php?rest_route=\/wp\/v2\/types\/page"}],"author":[{"embeddable":true,"href":"http:\/\/canide-forts25.fr\/index.php?rest_route=\/wp\/v2\/users\/1"}],"replies":[{"embeddable":true,"href":"http:\/\/canide-forts25.fr\/index.php?rest_route=%2Fwp%2Fv2%2Fcomments&post=68"}],"version-history":[{"count":6,"href":"http:\/\/canide-forts25.fr\/index.php?rest_route=\/wp\/v2\/pages\/68\/revisions"}],"predecessor-version":[{"id":220,"href":"http:\/\/canide-forts25.fr\/index.php?rest_route=\/wp\/v2\/pages\/68\/revisions\/220"}],"wp:attachment":[{"href":"http:\/\/canide-forts25.fr\/index.php?rest_route=%2Fwp%2Fv2%2Fmedia&parent=68"}],"curies":[{"name":"wp","href":"https:\/\/api.w.org\/{rel}","templated":true}]}}