{"id":70,"date":"2022-12-11T18:28:56","date_gmt":"2022-12-11T17:28:56","guid":{"rendered":"http:\/\/canide-forts25.fr\/?page_id=70"},"modified":"2023-02-27T21:12:18","modified_gmt":"2023-02-27T20:12:18","slug":"mention-legal","status":"publish","type":"page","link":"http:\/\/canide-forts25.fr\/?page_id=70","title":{"rendered":"Mentions l\u00e9gales"},"content":{"rendered":"\t\t<div data-elementor-type=\"wp-page\" data-elementor-id=\"70\" class=\"elementor elementor-70\">\n\t\t\t\t\t\t<section class=\"elementor-section elementor-top-section elementor-element elementor-element-2ddb939 elementor-section-boxed elementor-section-height-default elementor-section-height-default\" data-id=\"2ddb939\" data-element_type=\"section\" data-e-type=\"section\">\n\t\t\t\t\t\t<div class=\"elementor-container elementor-column-gap-default\">\n\t\t\t\t\t<div class=\"elementor-column elementor-col-100 elementor-top-column elementor-element elementor-element-1e9a694\" data-id=\"1e9a694\" data-element_type=\"column\" data-e-type=\"column\">\n\t\t\t<div class=\"elementor-widget-wrap elementor-element-populated\">\n\t\t\t\t\t\t<div class=\"elementor-element elementor-element-af30fcd elementor-widget elementor-widget-text-editor\" data-id=\"af30fcd\" data-element_type=\"widget\" data-e-type=\"widget\" data-widget_type=\"text-editor.default\">\n\t\t\t\t<div class=\"elementor-widget-container\">\n\t\t\t\t\t\t\t\t\t<p><b>MENTIONS L\u00c9GALES<\/b><\/p><p>\u00a0<\/p><p>Conform\u00e9ment aux dispositions de la loi n\u00b0 2004-575 du 21 juin 2004 pour la confiance en l&rsquo;\u00e9conomie num\u00e9rique, il est pr\u00e9cis\u00e9 aux utilisateurs du site canid\u00e9&rsquo;forts25 l&rsquo;identit\u00e9 des diff\u00e9rents intervenants dans le cadre de sa r\u00e9alisation et de son suivi.<\/p><p>\u00a0<\/p><p><b>Edition du site\u00a0<\/b><\/p><p>\u00a0<\/p><p>Le pr\u00e9sent site, accessible \u00e0 l\u2019URL http:\/\/canide-forts25.fr\/ (le \u00ab Site \u00bb), est \u00e9dit\u00e9 par :<\/p><p><br \/>L\u2019association canid\u00e9&rsquo;forts25, enregistr\u00e9e aupr\u00e8s de la pr\u00e9fecture\/sous-pr\u00e9fecture de 25 &#8211; Pr\u00e9fecture Besan\u00e7on sous le num\u00e9ro 251009977, ayant son si\u00e8ge situ\u00e9 \u00e0 18 chemin des arbeux 25320 Byans-sur-Doubs, repr\u00e9sent\u00e9e par Romain BORNAREL d\u00fbment habilit\u00e9(e)<\/p><p>\u00a0<\/p><p><b>H\u00e9bergement<\/b><\/p><p><br \/>Le Site est h\u00e9berg\u00e9 par la soci\u00e9t\u00e9 OVH, situ\u00e9 2 rue Kellermann &#8211; BP 80157 &#8211; 59053 Roubaix Cedex 1, (contact t\u00e9l\u00e9phonique ou email : 1007).<\/p><p>\u00a0<\/p><p><b>Directeur de publication\u00a0<\/b><\/p><p><br \/>Le Directeur de la publication du Site est \u00a0 .<\/p><p>\u00a0<\/p><p><b>Nous contacter\u00a0<\/b><\/p><p><br \/>Par t\u00e9l\u00e9phone\u00a0: +33675419224<\/p><p>Par email\u00a0: contact@canide-forts25.fr<\/p><p>Par courrier\u00a0: 18 chemin des arbeux 25320 Byans-sur-Doubs<\/p><p>\u00a0<\/p><p><b>Donn\u00e9es personnelles<\/b><\/p><p>\u00a0<\/p><p>Le traitement de vos donn\u00e9es \u00e0 caract\u00e8re personnel est r\u00e9gi par notre Charte du respect de la vie priv\u00e9e, disponible depuis la section \u00ab\u00a0Charte de Protection des Donn\u00e9es Personnelles\u00a0\u00bb, conform\u00e9ment au R\u00e8glement G\u00e9n\u00e9ral sur la Protection des Donn\u00e9es 2016\/679 du 27 avril 2016 (\u00abRGPD\u00bb).<\/p><p><br \/>G\u00e9n\u00e9ration des mentions l\u00e9gales par <a href=\"https:\/\/www.legalstart.fr\/\">Legalstart.fr<\/a>.<\/p>\t\t\t\t\t\t\t\t<\/div>\n\t\t\t\t<\/div>\n\t\t\t\t\t<\/div>\n\t\t<\/div>\n\t\t\t\t\t<\/div>\n\t\t<\/section>\n\t\t\t\t<\/div>\n\t\t","protected":false},"excerpt":{"rendered":"<p>MENTIONS L\u00c9GALES \u00a0 Conform\u00e9ment aux dispositions de la loi n\u00b0 2004-575 du 21 juin 2004 pour la confiance en l&rsquo;\u00e9conomie num\u00e9rique, il est pr\u00e9cis\u00e9 aux utilisateurs du site canid\u00e9&rsquo;forts25 l&rsquo;identit\u00e9 des diff\u00e9rents intervenants dans le cadre de sa r\u00e9alisation et de son suivi. \u00a0 Edition du site\u00a0 \u00a0 Le pr\u00e9sent site, accessible \u00e0 l\u2019URL http:\/\/canide-forts25.fr\/ [&hellip;]<\/p>\n","protected":false},"author":1,"featured_media":0,"parent":0,"menu_order":0,"comment_status":"closed","ping_status":"closed","template":"","meta":{"footnotes":""},"class_list":["post-70","page","type-page","status-publish","hentry","post-preview"],"yoast_head":"<!-- This site is optimized with the Yoast SEO plugin v27.5 - https:\/\/yoast.com\/product\/yoast-seo-wordpress\/ -->\n<title>Mentions l\u00e9gales - Canid\u00e9&#039;forts25<\/title>\n<meta name=\"robots\" content=\"index, follow, max-snippet:-1, max-image-preview:large, max-video-preview:-1\" \/>\n<link rel=\"canonical\" href=\"http:\/\/canide-forts25.fr\/?page_id=70\" \/>\n<meta property=\"og:locale\" content=\"fr_FR\" \/>\n<meta property=\"og:type\" content=\"article\" \/>\n<meta property=\"og:title\" content=\"Mentions l\u00e9gales - Canid\u00e9&#039;forts25\" \/>\n<meta property=\"og:description\" content=\"MENTIONS L\u00c9GALES \u00a0 Conform\u00e9ment aux dispositions de la loi n\u00b0 2004-575 du 21 juin 2004 pour la confiance en l&rsquo;\u00e9conomie num\u00e9rique, il est pr\u00e9cis\u00e9 aux utilisateurs du site canid\u00e9&rsquo;forts25 l&rsquo;identit\u00e9 des diff\u00e9rents intervenants dans le cadre de sa r\u00e9alisation et de son suivi. \u00a0 Edition du site\u00a0 \u00a0 Le pr\u00e9sent site, accessible \u00e0 l\u2019URL http:\/\/canide-forts25.fr\/ [&hellip;]\" \/>\n<meta property=\"og:url\" content=\"http:\/\/canide-forts25.fr\/?page_id=70\" \/>\n<meta property=\"og:site_name\" content=\"Canid\u00e9&#039;forts25\" \/>\n<meta property=\"article:publisher\" content=\"https:\/\/www.facebook.com\/canideforts25\" \/>\n<meta property=\"article:modified_time\" content=\"2023-02-27T20:12:18+00:00\" \/>\n<meta property=\"og:image\" content=\"http:\/\/canide-forts25.fr\/wp-content\/uploads\/2022\/12\/CANIDE25_noir.jpg\" \/>\n\t<meta property=\"og:image:width\" content=\"2455\" \/>\n\t<meta property=\"og:image:height\" content=\"2454\" \/>\n\t<meta property=\"og:image:type\" content=\"image\/jpeg\" \/>\n<meta name=\"twitter:card\" content=\"summary_large_image\" \/>\n<meta name=\"twitter:label1\" content=\"Dur\u00e9e de lecture estim\u00e9e\" \/>\n\t<meta name=\"twitter:data1\" content=\"1 minute\" \/>\n<script type=\"application\/ld+json\" class=\"yoast-schema-graph\">{\"@context\":\"https:\\\/\\\/schema.org\",\"@graph\":[{\"@type\":\"WebPage\",\"@id\":\"http:\\\/\\\/canide-forts25.fr\\\/?page_id=70\",\"url\":\"http:\\\/\\\/canide-forts25.fr\\\/?page_id=70\",\"name\":\"Mentions l\u00e9gales - Canid\u00e9&#039;forts25\",\"isPartOf\":{\"@id\":\"https:\\\/\\\/canide-forts25.fr\\\/#website\"},\"datePublished\":\"2022-12-11T17:28:56+00:00\",\"dateModified\":\"2023-02-27T20:12:18+00:00\",\"breadcrumb\":{\"@id\":\"http:\\\/\\\/canide-forts25.fr\\\/?page_id=70#breadcrumb\"},\"inLanguage\":\"fr-FR\",\"potentialAction\":[{\"@type\":\"ReadAction\",\"target\":[\"http:\\\/\\\/canide-forts25.fr\\\/?page_id=70\"]}]},{\"@type\":\"BreadcrumbList\",\"@id\":\"http:\\\/\\\/canide-forts25.fr\\\/?page_id=70#breadcrumb\",\"itemListElement\":[{\"@type\":\"ListItem\",\"position\":1,\"name\":\"Accueil\",\"item\":\"https:\\\/\\\/canide-forts25.fr\\\/\"},{\"@type\":\"ListItem\",\"position\":2,\"name\":\"Mentions l\u00e9gales\"}]},{\"@type\":\"WebSite\",\"@id\":\"https:\\\/\\\/canide-forts25.fr\\\/#website\",\"url\":\"https:\\\/\\\/canide-forts25.fr\\\/\",\"name\":\"Canid\u00e9&#039;forts25\",\"description\":\"Club de cannicross dans le d\u00e9partement du Doubs(25)\",\"publisher\":{\"@id\":\"https:\\\/\\\/canide-forts25.fr\\\/#organization\"},\"potentialAction\":[{\"@type\":\"SearchAction\",\"target\":{\"@type\":\"EntryPoint\",\"urlTemplate\":\"https:\\\/\\\/canide-forts25.fr\\\/?s={search_term_string}\"},\"query-input\":{\"@type\":\"PropertyValueSpecification\",\"valueRequired\":true,\"valueName\":\"search_term_string\"}}],\"inLanguage\":\"fr-FR\"},{\"@type\":\"Organization\",\"@id\":\"https:\\\/\\\/canide-forts25.fr\\\/#organization\",\"name\":\"Canid\u00e9'forts25\",\"url\":\"https:\\\/\\\/canide-forts25.fr\\\/\",\"logo\":{\"@type\":\"ImageObject\",\"inLanguage\":\"fr-FR\",\"@id\":\"https:\\\/\\\/canide-forts25.fr\\\/#\\\/schema\\\/logo\\\/image\\\/\",\"url\":\"http:\\\/\\\/canide-forts25.fr\\\/wp-content\\\/uploads\\\/2022\\\/12\\\/cropped-cropped-Sans-titre-11.png\",\"contentUrl\":\"http:\\\/\\\/canide-forts25.fr\\\/wp-content\\\/uploads\\\/2022\\\/12\\\/cropped-cropped-Sans-titre-11.png\",\"width\":991,\"height\":1401,\"caption\":\"Canid\u00e9'forts25\"},\"image\":{\"@id\":\"https:\\\/\\\/canide-forts25.fr\\\/#\\\/schema\\\/logo\\\/image\\\/\"},\"sameAs\":[\"https:\\\/\\\/www.facebook.com\\\/canideforts25\"]}]}<\/script>\n<!-- \/ Yoast SEO plugin. -->","yoast_head_json":{"title":"Mentions l\u00e9gales - Canid\u00e9&#039;forts25","robots":{"index":"index","follow":"follow","max-snippet":"max-snippet:-1","max-image-preview":"max-image-preview:large","max-video-preview":"max-video-preview:-1"},"canonical":"http:\/\/canide-forts25.fr\/?page_id=70","og_locale":"fr_FR","og_type":"article","og_title":"Mentions l\u00e9gales - Canid\u00e9&#039;forts25","og_description":"MENTIONS L\u00c9GALES \u00a0 Conform\u00e9ment aux dispositions de la loi n\u00b0 2004-575 du 21 juin 2004 pour la confiance en l&rsquo;\u00e9conomie num\u00e9rique, il est pr\u00e9cis\u00e9 aux utilisateurs du site canid\u00e9&rsquo;forts25 l&rsquo;identit\u00e9 des diff\u00e9rents intervenants dans le cadre de sa r\u00e9alisation et de son suivi. \u00a0 Edition du site\u00a0 \u00a0 Le pr\u00e9sent site, accessible \u00e0 l\u2019URL http:\/\/canide-forts25.fr\/ [&hellip;]","og_url":"http:\/\/canide-forts25.fr\/?page_id=70","og_site_name":"Canid\u00e9&#039;forts25","article_publisher":"https:\/\/www.facebook.com\/canideforts25","article_modified_time":"2023-02-27T20:12:18+00:00","og_image":[{"width":2455,"height":2454,"url":"http:\/\/canide-forts25.fr\/wp-content\/uploads\/2022\/12\/CANIDE25_noir.jpg","type":"image\/jpeg"}],"twitter_card":"summary_large_image","twitter_misc":{"Dur\u00e9e de lecture estim\u00e9e":"1 minute"},"schema":{"@context":"https:\/\/schema.org","@graph":[{"@type":"WebPage","@id":"http:\/\/canide-forts25.fr\/?page_id=70","url":"http:\/\/canide-forts25.fr\/?page_id=70","name":"Mentions l\u00e9gales - Canid\u00e9&#039;forts25","isPartOf":{"@id":"https:\/\/canide-forts25.fr\/#website"},"datePublished":"2022-12-11T17:28:56+00:00","dateModified":"2023-02-27T20:12:18+00:00","breadcrumb":{"@id":"http:\/\/canide-forts25.fr\/?page_id=70#breadcrumb"},"inLanguage":"fr-FR","potentialAction":[{"@type":"ReadAction","target":["http:\/\/canide-forts25.fr\/?page_id=70"]}]},{"@type":"BreadcrumbList","@id":"http:\/\/canide-forts25.fr\/?page_id=70#breadcrumb","itemListElement":[{"@type":"ListItem","position":1,"name":"Accueil","item":"https:\/\/canide-forts25.fr\/"},{"@type":"ListItem","position":2,"name":"Mentions l\u00e9gales"}]},{"@type":"WebSite","@id":"https:\/\/canide-forts25.fr\/#website","url":"https:\/\/canide-forts25.fr\/","name":"Canid\u00e9&#039;forts25","description":"Club de cannicross dans le d\u00e9partement du Doubs(25)","publisher":{"@id":"https:\/\/canide-forts25.fr\/#organization"},"potentialAction":[{"@type":"SearchAction","target":{"@type":"EntryPoint","urlTemplate":"https:\/\/canide-forts25.fr\/?s={search_term_string}"},"query-input":{"@type":"PropertyValueSpecification","valueRequired":true,"valueName":"search_term_string"}}],"inLanguage":"fr-FR"},{"@type":"Organization","@id":"https:\/\/canide-forts25.fr\/#organization","name":"Canid\u00e9'forts25","url":"https:\/\/canide-forts25.fr\/","logo":{"@type":"ImageObject","inLanguage":"fr-FR","@id":"https:\/\/canide-forts25.fr\/#\/schema\/logo\/image\/","url":"http:\/\/canide-forts25.fr\/wp-content\/uploads\/2022\/12\/cropped-cropped-Sans-titre-11.png","contentUrl":"http:\/\/canide-forts25.fr\/wp-content\/uploads\/2022\/12\/cropped-cropped-Sans-titre-11.png","width":991,"height":1401,"caption":"Canid\u00e9'forts25"},"image":{"@id":"https:\/\/canide-forts25.fr\/#\/schema\/logo\/image\/"},"sameAs":["https:\/\/www.facebook.com\/canideforts25"]}]}},"_links":{"self":[{"href":"http:\/\/canide-forts25.fr\/index.php?rest_route=\/wp\/v2\/pages\/70","targetHints":{"allow":["GET"]}}],"collection":[{"href":"http:\/\/canide-forts25.fr\/index.php?rest_route=\/wp\/v2\/pages"}],"about":[{"href":"http:\/\/canide-forts25.fr\/index.php?rest_route=\/wp\/v2\/types\/page"}],"author":[{"embeddable":true,"href":"http:\/\/canide-forts25.fr\/index.php?rest_route=\/wp\/v2\/users\/1"}],"replies":[{"embeddable":true,"href":"http:\/\/canide-forts25.fr\/index.php?rest_route=%2Fwp%2Fv2%2Fcomments&post=70"}],"version-history":[{"count":6,"href":"http:\/\/canide-forts25.fr\/index.php?rest_route=\/wp\/v2\/pages\/70\/revisions"}],"predecessor-version":[{"id":363,"href":"http:\/\/canide-forts25.fr\/index.php?rest_route=\/wp\/v2\/pages\/70\/revisions\/363"}],"wp:attachment":[{"href":"http:\/\/canide-forts25.fr\/index.php?rest_route=%2Fwp%2Fv2%2Fmedia&parent=70"}],"curies":[{"name":"wp","href":"https:\/\/api.w.org\/{rel}","templated":true}]}}